{"id":36,"date":"2019-01-12T18:58:53","date_gmt":"2019-01-12T18:58:53","guid":{"rendered":"http:\/\/hjr-fotografie.de\/?page_id=36"},"modified":"2019-01-13T00:22:58","modified_gmt":"2019-01-13T00:22:58","slug":"impressum","status":"publish","type":"page","link":"https:\/\/hjr-fotografie.de\/?page_id=36","title":{"rendered":"Impressum"},"content":{"rendered":"\n<figure class=\"wp-block-image\"><img loading=\"lazy\" decoding=\"async\" width=\"1024\" height=\"294\" src=\"https:\/\/hjr-fotografie.de\/wp-content\/uploads\/2019\/01\/Impressum-1024x294.jpg\" alt=\"\" class=\"wp-image-119\" srcset=\"https:\/\/hjr-fotografie.de\/wp-content\/uploads\/2019\/01\/Impressum-1024x294.jpg 1024w, https:\/\/hjr-fotografie.de\/wp-content\/uploads\/2019\/01\/Impressum-300x86.jpg 300w, https:\/\/hjr-fotografie.de\/wp-content\/uploads\/2019\/01\/Impressum-768x221.jpg 768w\" sizes=\"auto, (max-width: 1024px) 100vw, 1024px\" \/><\/figure>\n\n\n\n<p><strong>Hansj\u00f6rg Richter<\/strong><br>Pfarrstr. 30<br>73266 Bissingen an der Teck<br><\/p>\n\n\n\n<p><strong>E-Mail: &nbsp;&nbsp;&nbsp;&nbsp;&nbsp;&nbsp;&nbsp;<a href=\"mailto: hansjoerg@hjr-fotografie.de\">hansjoerg@hjr-fotografie.de<\/a><\/strong><br><\/p>\n\n\n\n<p><strong>Haftungshinweis<\/strong>:<br> Nach einem Urteil des LG Hamburg vom 12.05.1998 tr\u00e4gt man bei Anbringung eines Links grunds\u00e4tzlich Verantwortung f\u00fcr die Inhalte der gelinkten Seite, es sei denn, man distanziert sich ausdr\u00fccklich von diesen Inhalten. F\u00fcr alle Links und Banner unserer Homepage distanzieren wir uns daher ausdr\u00fccklich von deren Inhalten, da wir keinerlei Einfluss auf die Gestaltung und Inhalte der gelinkten Seiten haben. <br><strong>Copyright Hinweise<\/strong>:<br> Alle Texte, Bilder, Audio-Dateien und weitere hier ver\u00f6ffentlichte Informationen, mit Ausnahme der gekennzeichneten Artikel, unterliegen dem Copyright der jeweiligen Autoren und K\u00fcnstler. Eine Reproduktion oder Wiedergabe des Ganzen oder von Teilen ist ohne eine schriftliche Genehmigung nicht gestattet. <\/p>\n","protected":false},"excerpt":{"rendered":"<p>Hansj\u00f6rg RichterPfarrstr. 3073266 Bissingen an der Teck E-Mail: &nbsp;&nbsp;&nbsp;&nbsp;&nbsp;&nbsp;&nbsp;hansjoerg@hjr-fotografie.de Haftungshinweis: Nach einem Urteil des LG Hamburg vom 12.05.1998 tr\u00e4gt man bei Anbringung eines Links grunds\u00e4tzlich Verantwortung f\u00fcr die Inhalte der gelinkten Seite, es sei denn, man distanziert sich ausdr\u00fccklich von diesen Inhalten. F\u00fcr alle Links und Banner unserer Homepage distanzieren wir uns daher ausdr\u00fccklich von [&hellip;]<\/p>\n","protected":false},"author":1,"featured_media":0,"parent":0,"menu_order":2,"comment_status":"closed","ping_status":"closed","template":"","meta":{"footnotes":""},"class_list":["post-36","page","type-page","status-publish","hentry"],"_links":{"self":[{"href":"https:\/\/hjr-fotografie.de\/index.php?rest_route=\/wp\/v2\/pages\/36","targetHints":{"allow":["GET"]}}],"collection":[{"href":"https:\/\/hjr-fotografie.de\/index.php?rest_route=\/wp\/v2\/pages"}],"about":[{"href":"https:\/\/hjr-fotografie.de\/index.php?rest_route=\/wp\/v2\/types\/page"}],"author":[{"embeddable":true,"href":"https:\/\/hjr-fotografie.de\/index.php?rest_route=\/wp\/v2\/users\/1"}],"replies":[{"embeddable":true,"href":"https:\/\/hjr-fotografie.de\/index.php?rest_route=%2Fwp%2Fv2%2Fcomments&post=36"}],"version-history":[{"count":4,"href":"https:\/\/hjr-fotografie.de\/index.php?rest_route=\/wp\/v2\/pages\/36\/revisions"}],"predecessor-version":[{"id":120,"href":"https:\/\/hjr-fotografie.de\/index.php?rest_route=\/wp\/v2\/pages\/36\/revisions\/120"}],"wp:attachment":[{"href":"https:\/\/hjr-fotografie.de\/index.php?rest_route=%2Fwp%2Fv2%2Fmedia&parent=36"}],"curies":[{"name":"wp","href":"https:\/\/api.w.org\/{rel}","templated":true}]}}