{"id":104,"date":"2019-01-12T22:36:13","date_gmt":"2019-01-12T22:36:13","guid":{"rendered":"http:\/\/hjr-fotografie.de\/?page_id=104"},"modified":"2025-02-09T18:54:28","modified_gmt":"2025-02-09T17:54:28","slug":"ueber-mich","status":"publish","type":"page","link":"https:\/\/hjr-fotografie.de\/?page_id=104","title":{"rendered":"\u00fcber mich"},"content":{"rendered":"\n<figure class=\"wp-block-image size-large is-resized\"><img loading=\"lazy\" decoding=\"async\" width=\"1024\" height=\"683\" src=\"https:\/\/hjr-fotografie.de\/wp-content\/uploads\/2021\/07\/HJR-5D2-42899-1024x683.jpg\" alt=\"\" class=\"wp-image-1079\" style=\"width:313px;height:207px\" srcset=\"https:\/\/hjr-fotografie.de\/wp-content\/uploads\/2021\/07\/HJR-5D2-42899-1024x683.jpg 1024w, https:\/\/hjr-fotografie.de\/wp-content\/uploads\/2021\/07\/HJR-5D2-42899-300x200.jpg 300w, https:\/\/hjr-fotografie.de\/wp-content\/uploads\/2021\/07\/HJR-5D2-42899-768x512.jpg 768w, https:\/\/hjr-fotografie.de\/wp-content\/uploads\/2021\/07\/HJR-5D2-42899.jpg 1200w\" sizes=\"auto, (max-width: 1024px) 100vw, 1024px\" \/><figcaption class=\"wp-element-caption\">Hansj\u00f6rg Richter<\/figcaption><\/figure>\n\n\n\n<p>Inspiriert von meinem Vater, dem \u00fcberregional bekannten Vortragsredner Reinhold Richter, besch\u00e4ftigte ich mich als Autodidakt schon fr\u00fch mit der Fotografie. Mein Vater war es auch, der mir die erste Fotoausr\u00fcstung schenkte: ein Exakta-Geh\u00e4use mit zwei Objektiven und einem Belichtungsmesser. Diese Ausr\u00fcstung, die \u00fcber keinerlei Automatikfunktionen verf\u00fcgte, zwang mich dazu, mich dem Thema Fotografie von den Grundlagen her zu n\u00e4hern. Neben der reinen Bildgestaltung und Beleuchtung war es auch notwendig, die Verschlusszeiten, Blenden und deren unterschiedliche Berechnung bei den verschiedenen Objektiven oder sonstigem Zubeh\u00f6r zu n\u00e4hern. <\/p>\n\n\n\n<p>Heute fotografiere ich ausschlie\u00dflich Canon digital. Meine Ausr\u00fcstung umfasst derzeit ein EOS R6 Mk II, ein EOS 5D Mk IV- und ein EOS 7D Mk II-Geh\u00e4use sowie diverse Festbrennweiten- und Zoomobjektive mit Brennweiten zwischen 12mm und 960mm (umgerechnet auf analog). Auch mehrere Stative und Blitzger\u00e4te kommen regelm\u00e4\u00dfig zum Einsatz.<\/p>\n\n\n\n<p>Eine Urlaubsreise nach Kenia 1994 l\u00f6ste bei mir zwei Dinge aus: zum einen wurde das Hobby f\u00fcr mich zur Leidenschaft und es entstand der Drang, st\u00e4ndig besser zu werden. Zum zweiten entdeckte ich meine Liebe zum afrikanischen Kontinent. Zahlreiche weitere Urlaubsreisen festigten meine enge Bindung zu Afrika. Die herrlichen Landschaften mit den unvergleichlichen Farben und die au\u00dfergew\u00f6hnliche Tierwelt ziehen mich auch heute jedes Jahr wieder in den S\u00fcden dieses so einzigartigen Kontinents. Die fotografischen Ergebnisse werden dann im Rahmen von Ausstellungen, in Kalendern und B\u00fcchern sowie im Internet als Download pr\u00e4sentiert. Digitale Diaschauen \u00fcber Namibia, S\u00fcdafrika, die Besteigung des Kilimandscharo und ein Bericht \u00fcber einen 640 km Kanu-Trip auf dem Kanadischen Yukon wurden \u00f6ffentlich aufgef\u00fchrt. <br>Die neueste Diaschau wird am 21. M\u00e4rz 2025 stattfinden: Jakobsweg 2023 &#8211; von Bissingen an der Teck nach Santiago de Compstela.<\/p>\n\n\n\n<p>Der zweite Themenbereich, der eine gro\u00dfe Rolle in meinen\nBildern spielt, ist die Region rund um die Teck. Als geb\u00fcrtigem Kirchheimer war\nf\u00fcr mich die Teck \u201eimmer da\u201c. <\/p>\n\n\n\n<p>Vor fast 30 Jahren gestaltete ich meinen ersten Kalender \u201erund um die Teck\u201c, den ich seitdem vertreibe. \u201eEs ist schon eine Herausforderung, jedes Jahr neue Bilder zu machen, die zum jeweiligen Monat passen \u2013 und auf dem Land wird hier sehr genau hingeschaut &#8230;\u201c<\/p>\n\n\n\n<p>Seit 2000 stelle ich Bilder im Rahmen der Ausstellungen der Bissinger Hobbyk\u00fcnster, deren Sprecher ich auch bin, aus. Einzelausstellungen gab es schon in den Rath\u00e4usern von Reichenbach\/Fils 2007 und Bissingen 2008 sowie 2017. Die nachtr\u00e4gliche Bildbearbeitung spielt bei mir eine eher zweitrangige Rolle, die es mir aber erm\u00f6glicht, die Fotos zu optimieren. Die Bildgestaltung allerdings geschieht bei der Aufnahme, hier habe ich mir den analogen Blick bewahrt.<br>    <br><\/p>\n\n\n\n<figure class=\"wp-block-gallery has-nested-images columns-default is-cropped wp-block-gallery-1 is-layout-flex wp-block-gallery-is-layout-flex\">\n<figure class=\"wp-block-image size-large\"><img loading=\"lazy\" decoding=\"async\" width=\"773\" height=\"1024\" data-id=\"742\" src=\"https:\/\/hjr-fotografie.de\/wp-content\/uploads\/2020\/06\/MG_9965-hoch-773x1024.jpg\" alt=\"\" class=\"wp-image-742\" srcset=\"https:\/\/hjr-fotografie.de\/wp-content\/uploads\/2020\/06\/MG_9965-hoch-773x1024.jpg 773w, https:\/\/hjr-fotografie.de\/wp-content\/uploads\/2020\/06\/MG_9965-hoch-226x300.jpg 226w, https:\/\/hjr-fotografie.de\/wp-content\/uploads\/2020\/06\/MG_9965-hoch-768x1017.jpg 768w\" sizes=\"auto, (max-width: 773px) 100vw, 773px\" \/><\/figure>\n\n\n\n<figure class=\"wp-block-image size-large\"><img loading=\"lazy\" decoding=\"async\" width=\"699\" height=\"1024\" data-id=\"743\" src=\"https:\/\/hjr-fotografie.de\/wp-content\/uploads\/2020\/06\/IMG_5144x-699x1024.jpg\" alt=\"\" class=\"wp-image-743\" srcset=\"https:\/\/hjr-fotografie.de\/wp-content\/uploads\/2020\/06\/IMG_5144x-699x1024.jpg 699w, https:\/\/hjr-fotografie.de\/wp-content\/uploads\/2020\/06\/IMG_5144x-205x300.jpg 205w, https:\/\/hjr-fotografie.de\/wp-content\/uploads\/2020\/06\/IMG_5144x-768x1125.jpg 768w\" sizes=\"auto, (max-width: 699px) 100vw, 699px\" \/><\/figure>\n<\/figure>\n","protected":false},"excerpt":{"rendered":"<p>Inspiriert von meinem Vater, dem \u00fcberregional bekannten Vortragsredner Reinhold Richter, besch\u00e4ftigte ich mich als Autodidakt schon fr\u00fch mit der Fotografie. Mein Vater war es auch, der mir die erste Fotoausr\u00fcstung schenkte: ein Exakta-Geh\u00e4use mit zwei Objektiven und einem Belichtungsmesser. Diese Ausr\u00fcstung, die \u00fcber keinerlei Automatikfunktionen verf\u00fcgte, zwang mich dazu, mich dem Thema Fotografie von den [&hellip;]<\/p>\n","protected":false},"author":1,"featured_media":0,"parent":0,"menu_order":0,"comment_status":"closed","ping_status":"closed","template":"","meta":{"footnotes":""},"class_list":["post-104","page","type-page","status-publish","hentry"],"_links":{"self":[{"href":"https:\/\/hjr-fotografie.de\/index.php?rest_route=\/wp\/v2\/pages\/104","targetHints":{"allow":["GET"]}}],"collection":[{"href":"https:\/\/hjr-fotografie.de\/index.php?rest_route=\/wp\/v2\/pages"}],"about":[{"href":"https:\/\/hjr-fotografie.de\/index.php?rest_route=\/wp\/v2\/types\/page"}],"author":[{"embeddable":true,"href":"https:\/\/hjr-fotografie.de\/index.php?rest_route=\/wp\/v2\/users\/1"}],"replies":[{"embeddable":true,"href":"https:\/\/hjr-fotografie.de\/index.php?rest_route=%2Fwp%2Fv2%2Fcomments&post=104"}],"version-history":[{"count":13,"href":"https:\/\/hjr-fotografie.de\/index.php?rest_route=\/wp\/v2\/pages\/104\/revisions"}],"predecessor-version":[{"id":1360,"href":"https:\/\/hjr-fotografie.de\/index.php?rest_route=\/wp\/v2\/pages\/104\/revisions\/1360"}],"wp:attachment":[{"href":"https:\/\/hjr-fotografie.de\/index.php?rest_route=%2Fwp%2Fv2%2Fmedia&parent=104"}],"curies":[{"name":"wp","href":"https:\/\/api.w.org\/{rel}","templated":true}]}}